{"id":2245,"date":"2020-04-27T18:36:45","date_gmt":"2020-04-27T16:36:45","guid":{"rendered":"http:\/\/www.anamoreau.com\/?page_id=2245"},"modified":"2023-12-01T18:06:59","modified_gmt":"2023-12-01T17:06:59","slug":"ana-moreau","status":"publish","type":"page","link":"https:\/\/www.anamoreau.com\/","title":{"rendered":"Ana Moreau"},"content":{"rendered":"\t\t<div data-elementor-type=\"wp-page\" data-elementor-id=\"2245\" class=\"elementor elementor-2245\" data-elementor-settings=\"[]\">\n\t\t\t<div class=\"elementor-inner\">\n\t\t\t\t<div class=\"elementor-section-wrap\">\n\t\t\t\t\t\t\t<section class=\"elementor-element elementor-element-a7919fb elementor-section-height-full elementor-section-items-stretch elementor-section-content-space-between elementor-section-boxed elementor-section-height-default elementor-section elementor-top-section\" data-id=\"a7919fb\" data-element_type=\"section\">\n\t\t\t\t\t\t<div class=\"elementor-container elementor-column-gap-default\">\n\t\t\t\t<div class=\"elementor-row\">\n\t\t\t\t<div class=\"elementor-element elementor-element-9f039ef elementor-column elementor-col-100 elementor-top-column\" data-id=\"9f039ef\" data-element_type=\"column\">\n\t\t\t<div class=\"elementor-column-wrap  elementor-element-populated\">\n\t\t\t\t\t<div class=\"elementor-widget-wrap\">\n\t\t\t\t<div class=\"elementor-element elementor-element-c0e90a2 elementor-widget elementor-widget-image\" data-id=\"c0e90a2\" data-element_type=\"widget\" data-widget_type=\"image.default\">\n\t\t\t\t<div class=\"elementor-widget-container\">\n\t\t\t\t\t<div class=\"elementor-image\">\n\t\t\t\t\t\t\t\t\t\t<img loading=\"lazy\" decoding=\"async\" width=\"300\" height=\"63\" src=\"https:\/\/www.anamoreau.com\/wp-content\/uploads\/ANAMOREAU-1.png\" class=\"attachment-full size-full\" alt=\"\" \/>\t\t\t\t\t\t\t\t\t\t\t<\/div>\n\t\t\t\t<\/div>\n\t\t\t\t<\/div>\n\t\t\t\t<div class=\"elementor-element elementor-element-a3e2389 elementor-widget elementor-widget-image\" data-id=\"a3e2389\" data-element_type=\"widget\" data-widget_type=\"image.default\">\n\t\t\t\t<div class=\"elementor-widget-container\">\n\t\t\t\t\t<div class=\"elementor-image\">\n\t\t\t\t\t\t\t\t\t\t\t<a href=\"https:\/\/store.anamoreau.com\/\">\n\t\t\t\t\t\t\t<img loading=\"lazy\" decoding=\"async\" width=\"3000\" height=\"3000\" src=\"https:\/\/www.anamoreau.com\/wp-content\/uploads\/ana_moreau_jairevehiersoir.jpg\" class=\"attachment-full size-full\" alt=\"\" srcset=\"https:\/\/www.anamoreau.com\/wp-content\/uploads\/ana_moreau_jairevehiersoir.jpg 3000w, https:\/\/www.anamoreau.com\/wp-content\/uploads\/ana_moreau_jairevehiersoir-150x150.jpg 150w, https:\/\/www.anamoreau.com\/wp-content\/uploads\/ana_moreau_jairevehiersoir-300x300.jpg 300w, https:\/\/www.anamoreau.com\/wp-content\/uploads\/ana_moreau_jairevehiersoir-768x768.jpg 768w, https:\/\/www.anamoreau.com\/wp-content\/uploads\/ana_moreau_jairevehiersoir-1024x1024.jpg 1024w, https:\/\/www.anamoreau.com\/wp-content\/uploads\/ana_moreau_jairevehiersoir-624x624.jpg 624w\" sizes=\"(max-width: 3000px) 100vw, 3000px\" \/>\t\t\t\t\t\t\t\t<\/a>\n\t\t\t\t\t\t\t\t\t\t\t<\/div>\n\t\t\t\t<\/div>\n\t\t\t\t<\/div>\n\t\t\t\t<div class=\"elementor-element elementor-element-f132630 elementor-widget elementor-widget-text-editor\" data-id=\"f132630\" data-element_type=\"widget\" data-widget_type=\"text-editor.default\">\n\t\t\t\t<div class=\"elementor-widget-container\">\n\t\t\t\t\t<div class=\"elementor-text-editor elementor-clearfix\"><p>Album 8 d\u00e9cembre<br \/><a href=\"https:\/\/store.anamoreau.com\/\">Album physique en pr\u00e9commande d\u00e8s maintenant<\/a><\/p><\/div>\n\t\t\t\t<\/div>\n\t\t\t\t<\/div>\n\t\t\t\t<div class=\"elementor-element elementor-element-3cad1a2 elementor-nav-menu__align-center elementor-nav-menu--dropdown-none elementor-nav-menu--indicator-classic elementor-widget elementor-widget-nav-menu\" data-id=\"3cad1a2\" data-element_type=\"widget\" data-settings=\"{&quot;layout&quot;:&quot;horizontal&quot;}\" data-widget_type=\"nav-menu.default\">\n\t\t\t\t<div class=\"elementor-widget-container\">\n\t\t\t\t\t\t<nav role=\"navigation\" class=\"elementor-nav-menu--main elementor-nav-menu__container elementor-nav-menu--layout-horizontal e--pointer-text e--animation-grow\"><ul id=\"menu-1-3cad1a2\" class=\"elementor-nav-menu\"><li class=\"menu-item menu-item-type-custom menu-item-object-custom menu-item-2309\"><a href=\"https:\/\/open.spotify.com\/artist\/4vy2w9TDFpA1kcFCZRT5Ls\" class=\"elementor-item\">Spotify<\/a><\/li>\n<li class=\"menu-item menu-item-type-custom menu-item-object-custom menu-item-2310\"><a href=\"https:\/\/www.youtube.com\/c\/AnaMoreau\" class=\"elementor-item\">YouTube<\/a><\/li>\n<li class=\"menu-item menu-item-type-custom menu-item-object-custom menu-item-2311\"><a href=\"https:\/\/www.deezer.com\/fr\/artist\/91293212\" class=\"elementor-item\">Deezer<\/a><\/li>\n<li class=\"menu-item menu-item-type-custom menu-item-object-custom menu-item-2312\"><a href=\"https:\/\/music.apple.com\/fr\/artist\/ana-moreau\/1508230067\" class=\"elementor-item\">AppleMusic<\/a><\/li>\n<li class=\"menu-item menu-item-type-custom menu-item-object-custom menu-item-2313\"><a href=\"https:\/\/fr.napster.com\/artist\/ana-moreau\/album\/ana-moreau\" class=\"elementor-item\">Napster<\/a><\/li>\n<li class=\"menu-item menu-item-type-custom menu-item-object-custom menu-item-2314\"><a href=\"https:\/\/www.instagram.com\/anamoreau.off\/\" class=\"elementor-item\">Instagram<\/a><\/li>\n<li class=\"menu-item menu-item-type-custom menu-item-object-custom menu-item-2315\"><a href=\"https:\/\/www.facebook.com\/therealanamoreau\/\" class=\"elementor-item\">Facebook<\/a><\/li>\n<\/ul><\/nav>\n\t\t\t\t\t<div class=\"elementor-menu-toggle\" role=\"button\" tabindex=\"0\" aria-label=\"Menu Toggle\" aria-expanded=\"false\">\n\t\t\t<i class=\"eicon-menu-bar\" aria-hidden=\"true\"><\/i>\n\t\t\t<span class=\"elementor-screen-only\">Menu<\/span>\n\t\t<\/div>\n\t\t\t<nav class=\"elementor-nav-menu--dropdown elementor-nav-menu__container\" role=\"navigation\" aria-hidden=\"true\"><ul id=\"menu-2-3cad1a2\" class=\"elementor-nav-menu\"><li class=\"menu-item menu-item-type-custom menu-item-object-custom menu-item-2309\"><a href=\"https:\/\/open.spotify.com\/artist\/4vy2w9TDFpA1kcFCZRT5Ls\" class=\"elementor-item\">Spotify<\/a><\/li>\n<li class=\"menu-item menu-item-type-custom menu-item-object-custom menu-item-2310\"><a href=\"https:\/\/www.youtube.com\/c\/AnaMoreau\" class=\"elementor-item\">YouTube<\/a><\/li>\n<li class=\"menu-item menu-item-type-custom menu-item-object-custom menu-item-2311\"><a href=\"https:\/\/www.deezer.com\/fr\/artist\/91293212\" class=\"elementor-item\">Deezer<\/a><\/li>\n<li class=\"menu-item menu-item-type-custom menu-item-object-custom menu-item-2312\"><a href=\"https:\/\/music.apple.com\/fr\/artist\/ana-moreau\/1508230067\" class=\"elementor-item\">AppleMusic<\/a><\/li>\n<li class=\"menu-item menu-item-type-custom menu-item-object-custom menu-item-2313\"><a href=\"https:\/\/fr.napster.com\/artist\/ana-moreau\/album\/ana-moreau\" class=\"elementor-item\">Napster<\/a><\/li>\n<li class=\"menu-item menu-item-type-custom menu-item-object-custom menu-item-2314\"><a href=\"https:\/\/www.instagram.com\/anamoreau.off\/\" class=\"elementor-item\">Instagram<\/a><\/li>\n<li class=\"menu-item menu-item-type-custom menu-item-object-custom menu-item-2315\"><a href=\"https:\/\/www.facebook.com\/therealanamoreau\/\" class=\"elementor-item\">Facebook<\/a><\/li>\n<\/ul><\/nav>\n\t\t\t\t<\/div>\n\t\t\t\t<\/div>\n\t\t\t\t\t\t<\/div>\n\t\t\t<\/div>\n\t\t<\/div>\n\t\t\t\t\t\t<\/div>\n\t\t\t<\/div>\n\t\t<\/section>\n\t\t\t\t\t\t<\/div>\n\t\t\t<\/div>\n\t\t<\/div>\n\t\t","protected":false},"excerpt":{"rendered":"<p>Album 8 d\u00e9cembreAlbum physique en pr\u00e9commande d\u00e8s maintenant<\/p>\n","protected":false},"author":1,"featured_media":0,"parent":0,"menu_order":0,"comment_status":"closed","ping_status":"closed","template":"elementor_canvas","meta":{"footnotes":""},"_links":{"self":[{"href":"https:\/\/www.anamoreau.com\/index.php?rest_route=\/wp\/v2\/pages\/2245"}],"collection":[{"href":"https:\/\/www.anamoreau.com\/index.php?rest_route=\/wp\/v2\/pages"}],"about":[{"href":"https:\/\/www.anamoreau.com\/index.php?rest_route=\/wp\/v2\/types\/page"}],"author":[{"embeddable":true,"href":"https:\/\/www.anamoreau.com\/index.php?rest_route=\/wp\/v2\/users\/1"}],"replies":[{"embeddable":true,"href":"https:\/\/www.anamoreau.com\/index.php?rest_route=%2Fwp%2Fv2%2Fcomments&post=2245"}],"version-history":[{"count":46,"href":"https:\/\/www.anamoreau.com\/index.php?rest_route=\/wp\/v2\/pages\/2245\/revisions"}],"predecessor-version":[{"id":2338,"href":"https:\/\/www.anamoreau.com\/index.php?rest_route=\/wp\/v2\/pages\/2245\/revisions\/2338"}],"wp:attachment":[{"href":"https:\/\/www.anamoreau.com\/index.php?rest_route=%2Fwp%2Fv2%2Fmedia&parent=2245"}],"curies":[{"name":"wp","href":"https:\/\/api.w.org\/{rel}","templated":true}]}}